{"id":908,"date":"2021-11-25T17:31:55","date_gmt":"2021-11-25T20:31:55","guid":{"rendered":"https:\/\/fabricadearvores.com.br\/loja\/?post_type=product&#038;p=908"},"modified":"2023-09-18T20:50:11","modified_gmt":"2023-09-18T23:50:11","slug":"cedro-cedrela-fissilis","status":"publish","type":"product","link":"https:\/\/fabricadearvores.com.br\/loja\/produto\/cedro-cedrela-fissilis\/","title":{"rendered":"Cedro &#8211; Cedrela fissilis"},"content":{"rendered":"<p>Esp\u00e9cie nativa muita bela e imponente! Forma uma copa larga e \u00e9 de grande porte, excelente para arboriza\u00e7\u00e3o urbana de \u00e1reas grandes e primordial para reflorestamentos. Seu tronco quando mais velho forma sulcos, deixando-a com um visual lindo!<br \/>\nTolera meia sombra.<\/p>\n<p><strong>Nome Popular:<\/strong> Cedro \/ Cedro Rosa \/ Cedro Vermelho<br \/>\n<strong>Nome Cient\u00edfico:<\/strong> Cedrela fissilis<br \/>\n<strong>Fam\u00edlia:<\/strong> Meliaceae<br \/>\n<strong>Origem:<\/strong> Nativa<br \/>\n<strong>Sucess\u00e3o Ecol\u00f3gica:<\/strong> N\u00e3o Pioneira<br \/>\n<strong>Dispers\u00e3o:<\/strong> ANE<br \/>\n<strong>Biomas:<\/strong> AM\/CA\/CE\/MA\/PP\/PA<br \/>\n<strong>Porte da Esp\u00e9cie:<\/strong> \u00c1rvore &#8211; 8 a 35m<br \/>\n<strong>Copa:<\/strong> Dec\u00eddua<br \/>\n<strong>Cor da Flor:<\/strong> Branca-rosada<br \/>\n<strong>\u00c9poca de Flora\u00e7\u00e3o:<\/strong> Agosto a Setembro<br \/>\n<strong>\u00c9poca de Frutifica\u00e7\u00e3o:<\/strong> Junho a Agosto<\/p>\n","protected":false},"excerpt":{"rendered":"<p>Muda de \u00e1rvore nativa (vaso\/recipiente n\u00e3o acompanha o produto)<\/p>\n","protected":false},"featured_media":1674,"template":"","meta":{"_acf_changed":false},"product_brand":[],"product_cat":[18,46],"product_tag":[79,113,115],"class_list":{"0":"post-908","1":"product","2":"type-product","3":"status-publish","4":"has-post-thumbnail","6":"product_cat-arvores","7":"product_cat-ornamentais","8":"product_tag-arvore-nativa","9":"product_tag-cedrela-fissilis","10":"product_tag-cedro-rosa","12":"first","13":"outofstock","14":"shipping-taxable","15":"product-type-variable"},"acf":[],"yoast_head":"<!-- This site is optimized with the Yoast SEO plugin v27.6 - https:\/\/yoast.com\/product\/yoast-seo-wordpress\/ -->\n<title>Cedro - Cedrela fissilis - F\u00e1brica de \u00c1rvores - O viveiro mais moderno do Brasil<\/title>\n<meta name=\"description\" content=\"Cedro - Cedrela fissilis de qualidade voc\u00ea s\u00f3 encontra na loja da F\u00e1brica de \u00c1rvores. Entrega para todo o Brasil!\" \/>\n<meta name=\"robots\" content=\"index, follow, max-snippet:-1, max-image-preview:large, max-video-preview:-1\" \/>\n<link rel=\"canonical\" href=\"https:\/\/fabricadearvores.com.br\/loja\/produto\/cedro-cedrela-fissilis\/\" \/>\n<meta property=\"og:locale\" content=\"pt_BR\" \/>\n<meta property=\"og:type\" content=\"article\" \/>\n<meta property=\"og:title\" content=\"Cedro - Cedrela fissilis - F\u00e1brica de \u00c1rvores - O viveiro mais moderno do Brasil\" \/>\n<meta property=\"og:description\" content=\"Cedro - Cedrela fissilis de qualidade voc\u00ea s\u00f3 encontra na loja da F\u00e1brica de \u00c1rvores. Entrega para todo o Brasil!\" \/>\n<meta property=\"og:url\" content=\"https:\/\/fabricadearvores.com.br\/loja\/produto\/cedro-cedrela-fissilis\/\" \/>\n<meta property=\"og:site_name\" content=\"F\u00e1brica de \u00c1rvores\" \/>\n<meta property=\"article:publisher\" content=\"https:\/\/www.facebook.com\/fabricadearvores\/\" \/>\n<meta property=\"article:modified_time\" content=\"2023-09-18T23:50:11+00:00\" \/>\n<meta property=\"og:image\" content=\"https:\/\/fabricadearvores.com.br\/loja\/wp-content\/uploads\/2022\/02\/fabrica-de-arvores-cedro-p.jpg\" \/>\n\t<meta property=\"og:image:width\" content=\"1200\" \/>\n\t<meta property=\"og:image:height\" content=\"1200\" \/>\n\t<meta property=\"og:image:type\" content=\"image\/jpeg\" \/>\n<meta name=\"twitter:card\" content=\"summary_large_image\" \/>\n<script type=\"application\/ld+json\" class=\"yoast-schema-graph\">{\"@context\":\"https:\\\/\\\/schema.org\",\"@graph\":[{\"@type\":\"WebPage\",\"@id\":\"https:\\\/\\\/fabricadearvores.com.br\\\/loja\\\/produto\\\/cedro-cedrela-fissilis\\\/\",\"url\":\"https:\\\/\\\/fabricadearvores.com.br\\\/loja\\\/produto\\\/cedro-cedrela-fissilis\\\/\",\"name\":\"Cedro - Cedrela fissilis - F\u00e1brica de \u00c1rvores - O viveiro mais moderno do Brasil\",\"isPartOf\":{\"@id\":\"https:\\\/\\\/fabricadearvores.com.br\\\/loja\\\/#website\"},\"primaryImageOfPage\":{\"@id\":\"https:\\\/\\\/fabricadearvores.com.br\\\/loja\\\/produto\\\/cedro-cedrela-fissilis\\\/#primaryimage\"},\"image\":{\"@id\":\"https:\\\/\\\/fabricadearvores.com.br\\\/loja\\\/produto\\\/cedro-cedrela-fissilis\\\/#primaryimage\"},\"thumbnailUrl\":\"https:\\\/\\\/fabricadearvores.com.br\\\/loja\\\/wp-content\\\/uploads\\\/2022\\\/02\\\/fabrica-de-arvores-cedro-p.jpg\",\"datePublished\":\"2021-11-25T20:31:55+00:00\",\"dateModified\":\"2023-09-18T23:50:11+00:00\",\"description\":\"Cedro - Cedrela fissilis de qualidade voc\u00ea s\u00f3 encontra na loja da F\u00e1brica de \u00c1rvores. Entrega para todo o Brasil!\",\"breadcrumb\":{\"@id\":\"https:\\\/\\\/fabricadearvores.com.br\\\/loja\\\/produto\\\/cedro-cedrela-fissilis\\\/#breadcrumb\"},\"inLanguage\":\"pt-BR\",\"potentialAction\":[{\"@type\":\"ReadAction\",\"target\":[\"https:\\\/\\\/fabricadearvores.com.br\\\/loja\\\/produto\\\/cedro-cedrela-fissilis\\\/\"]}]},{\"@type\":\"ImageObject\",\"inLanguage\":\"pt-BR\",\"@id\":\"https:\\\/\\\/fabricadearvores.com.br\\\/loja\\\/produto\\\/cedro-cedrela-fissilis\\\/#primaryimage\",\"url\":\"https:\\\/\\\/fabricadearvores.com.br\\\/loja\\\/wp-content\\\/uploads\\\/2022\\\/02\\\/fabrica-de-arvores-cedro-p.jpg\",\"contentUrl\":\"https:\\\/\\\/fabricadearvores.com.br\\\/loja\\\/wp-content\\\/uploads\\\/2022\\\/02\\\/fabrica-de-arvores-cedro-p.jpg\",\"width\":1200,\"height\":1200},{\"@type\":\"BreadcrumbList\",\"@id\":\"https:\\\/\\\/fabricadearvores.com.br\\\/loja\\\/produto\\\/cedro-cedrela-fissilis\\\/#breadcrumb\",\"itemListElement\":[{\"@type\":\"ListItem\",\"position\":1,\"name\":\"In\u00edcio\",\"item\":\"https:\\\/\\\/fabricadearvores.com.br\\\/loja\\\/\"},{\"@type\":\"ListItem\",\"position\":2,\"name\":\"Produtos\",\"item\":\"https:\\\/\\\/fabricadearvores.com.br\\\/loja\\\/produtos\\\/\"},{\"@type\":\"ListItem\",\"position\":3,\"name\":\"\u00c1rvores\",\"item\":\"https:\\\/\\\/fabricadearvores.com.br\\\/loja\\\/categoria\\\/arvores\\\/\"},{\"@type\":\"ListItem\",\"position\":4,\"name\":\"Cedro &#8211; Cedrela fissilis\"}]},{\"@type\":\"WebSite\",\"@id\":\"https:\\\/\\\/fabricadearvores.com.br\\\/loja\\\/#website\",\"url\":\"https:\\\/\\\/fabricadearvores.com.br\\\/loja\\\/\",\"name\":\"F\u00e1brica de \u00c1rvores\",\"description\":\"O viveiro mais moderno do Brasil\",\"publisher\":{\"@id\":\"https:\\\/\\\/fabricadearvores.com.br\\\/loja\\\/#organization\"},\"alternateName\":\"F\u00e1brica de \u00c1rvores\",\"potentialAction\":[{\"@type\":\"SearchAction\",\"target\":{\"@type\":\"EntryPoint\",\"urlTemplate\":\"https:\\\/\\\/fabricadearvores.com.br\\\/loja\\\/?s={search_term_string}\"},\"query-input\":{\"@type\":\"PropertyValueSpecification\",\"valueRequired\":true,\"valueName\":\"search_term_string\"}}],\"inLanguage\":\"pt-BR\"},{\"@type\":\"Organization\",\"@id\":\"https:\\\/\\\/fabricadearvores.com.br\\\/loja\\\/#organization\",\"name\":\"F\u00e1brica de \u00c1rvores\",\"alternateName\":\"F\u00e1brica de \u00c1rvores\",\"url\":\"https:\\\/\\\/fabricadearvores.com.br\\\/loja\\\/\",\"logo\":{\"@type\":\"ImageObject\",\"inLanguage\":\"pt-BR\",\"@id\":\"https:\\\/\\\/fabricadearvores.com.br\\\/loja\\\/#\\\/schema\\\/logo\\\/image\\\/\",\"url\":\"https:\\\/\\\/fabricadearvores.com.br\\\/loja\\\/wp-content\\\/uploads\\\/2021\\\/04\\\/logo-fabrica-de-arvores-1.png\",\"contentUrl\":\"https:\\\/\\\/fabricadearvores.com.br\\\/loja\\\/wp-content\\\/uploads\\\/2021\\\/04\\\/logo-fabrica-de-arvores-1.png\",\"width\":270,\"height\":270,\"caption\":\"F\u00e1brica de \u00c1rvores\"},\"image\":{\"@id\":\"https:\\\/\\\/fabricadearvores.com.br\\\/loja\\\/#\\\/schema\\\/logo\\\/image\\\/\"},\"sameAs\":[\"https:\\\/\\\/www.facebook.com\\\/fabricadearvores\\\/\",\"https:\\\/\\\/www.instagram.com\\\/fabricadearvores\\\/\",\"https:\\\/\\\/www.youtube.com\\\/channel\\\/UCewQu5ZrmyCB22UMviyFCFg\"]}]}<\/script>\n<!-- \/ Yoast SEO plugin. -->","yoast_head_json":{"title":"Cedro - Cedrela fissilis - F\u00e1brica de \u00c1rvores - O viveiro mais moderno do Brasil","description":"Cedro - Cedrela fissilis de qualidade voc\u00ea s\u00f3 encontra na loja da F\u00e1brica de \u00c1rvores. Entrega para todo o Brasil!","robots":{"index":"index","follow":"follow","max-snippet":"max-snippet:-1","max-image-preview":"max-image-preview:large","max-video-preview":"max-video-preview:-1"},"canonical":"https:\/\/fabricadearvores.com.br\/loja\/produto\/cedro-cedrela-fissilis\/","og_locale":"pt_BR","og_type":"article","og_title":"Cedro - Cedrela fissilis - F\u00e1brica de \u00c1rvores - O viveiro mais moderno do Brasil","og_description":"Cedro - Cedrela fissilis de qualidade voc\u00ea s\u00f3 encontra na loja da F\u00e1brica de \u00c1rvores. Entrega para todo o Brasil!","og_url":"https:\/\/fabricadearvores.com.br\/loja\/produto\/cedro-cedrela-fissilis\/","og_site_name":"F\u00e1brica de \u00c1rvores","article_publisher":"https:\/\/www.facebook.com\/fabricadearvores\/","article_modified_time":"2023-09-18T23:50:11+00:00","og_image":[{"width":1200,"height":1200,"url":"https:\/\/fabricadearvores.com.br\/loja\/wp-content\/uploads\/2022\/02\/fabrica-de-arvores-cedro-p.jpg","type":"image\/jpeg"}],"twitter_card":"summary_large_image","schema":{"@context":"https:\/\/schema.org","@graph":[{"@type":"WebPage","@id":"https:\/\/fabricadearvores.com.br\/loja\/produto\/cedro-cedrela-fissilis\/","url":"https:\/\/fabricadearvores.com.br\/loja\/produto\/cedro-cedrela-fissilis\/","name":"Cedro - Cedrela fissilis - F\u00e1brica de \u00c1rvores - O viveiro mais moderno do Brasil","isPartOf":{"@id":"https:\/\/fabricadearvores.com.br\/loja\/#website"},"primaryImageOfPage":{"@id":"https:\/\/fabricadearvores.com.br\/loja\/produto\/cedro-cedrela-fissilis\/#primaryimage"},"image":{"@id":"https:\/\/fabricadearvores.com.br\/loja\/produto\/cedro-cedrela-fissilis\/#primaryimage"},"thumbnailUrl":"https:\/\/fabricadearvores.com.br\/loja\/wp-content\/uploads\/2022\/02\/fabrica-de-arvores-cedro-p.jpg","datePublished":"2021-11-25T20:31:55+00:00","dateModified":"2023-09-18T23:50:11+00:00","description":"Cedro - Cedrela fissilis de qualidade voc\u00ea s\u00f3 encontra na loja da F\u00e1brica de \u00c1rvores. Entrega para todo o Brasil!","breadcrumb":{"@id":"https:\/\/fabricadearvores.com.br\/loja\/produto\/cedro-cedrela-fissilis\/#breadcrumb"},"inLanguage":"pt-BR","potentialAction":[{"@type":"ReadAction","target":["https:\/\/fabricadearvores.com.br\/loja\/produto\/cedro-cedrela-fissilis\/"]}]},{"@type":"ImageObject","inLanguage":"pt-BR","@id":"https:\/\/fabricadearvores.com.br\/loja\/produto\/cedro-cedrela-fissilis\/#primaryimage","url":"https:\/\/fabricadearvores.com.br\/loja\/wp-content\/uploads\/2022\/02\/fabrica-de-arvores-cedro-p.jpg","contentUrl":"https:\/\/fabricadearvores.com.br\/loja\/wp-content\/uploads\/2022\/02\/fabrica-de-arvores-cedro-p.jpg","width":1200,"height":1200},{"@type":"BreadcrumbList","@id":"https:\/\/fabricadearvores.com.br\/loja\/produto\/cedro-cedrela-fissilis\/#breadcrumb","itemListElement":[{"@type":"ListItem","position":1,"name":"In\u00edcio","item":"https:\/\/fabricadearvores.com.br\/loja\/"},{"@type":"ListItem","position":2,"name":"Produtos","item":"https:\/\/fabricadearvores.com.br\/loja\/produtos\/"},{"@type":"ListItem","position":3,"name":"\u00c1rvores","item":"https:\/\/fabricadearvores.com.br\/loja\/categoria\/arvores\/"},{"@type":"ListItem","position":4,"name":"Cedro &#8211; Cedrela fissilis"}]},{"@type":"WebSite","@id":"https:\/\/fabricadearvores.com.br\/loja\/#website","url":"https:\/\/fabricadearvores.com.br\/loja\/","name":"F\u00e1brica de \u00c1rvores","description":"O viveiro mais moderno do Brasil","publisher":{"@id":"https:\/\/fabricadearvores.com.br\/loja\/#organization"},"alternateName":"F\u00e1brica de \u00c1rvores","potentialAction":[{"@type":"SearchAction","target":{"@type":"EntryPoint","urlTemplate":"https:\/\/fabricadearvores.com.br\/loja\/?s={search_term_string}"},"query-input":{"@type":"PropertyValueSpecification","valueRequired":true,"valueName":"search_term_string"}}],"inLanguage":"pt-BR"},{"@type":"Organization","@id":"https:\/\/fabricadearvores.com.br\/loja\/#organization","name":"F\u00e1brica de \u00c1rvores","alternateName":"F\u00e1brica de \u00c1rvores","url":"https:\/\/fabricadearvores.com.br\/loja\/","logo":{"@type":"ImageObject","inLanguage":"pt-BR","@id":"https:\/\/fabricadearvores.com.br\/loja\/#\/schema\/logo\/image\/","url":"https:\/\/fabricadearvores.com.br\/loja\/wp-content\/uploads\/2021\/04\/logo-fabrica-de-arvores-1.png","contentUrl":"https:\/\/fabricadearvores.com.br\/loja\/wp-content\/uploads\/2021\/04\/logo-fabrica-de-arvores-1.png","width":270,"height":270,"caption":"F\u00e1brica de \u00c1rvores"},"image":{"@id":"https:\/\/fabricadearvores.com.br\/loja\/#\/schema\/logo\/image\/"},"sameAs":["https:\/\/www.facebook.com\/fabricadearvores\/","https:\/\/www.instagram.com\/fabricadearvores\/","https:\/\/www.youtube.com\/channel\/UCewQu5ZrmyCB22UMviyFCFg"]}]}},"_links":{"self":[{"href":"https:\/\/fabricadearvores.com.br\/loja\/wp-json\/wp\/v2\/product\/908","targetHints":{"allow":["GET"]}}],"collection":[{"href":"https:\/\/fabricadearvores.com.br\/loja\/wp-json\/wp\/v2\/product"}],"about":[{"href":"https:\/\/fabricadearvores.com.br\/loja\/wp-json\/wp\/v2\/types\/product"}],"wp:featuredmedia":[{"embeddable":true,"href":"https:\/\/fabricadearvores.com.br\/loja\/wp-json\/wp\/v2\/media\/1674"}],"wp:attachment":[{"href":"https:\/\/fabricadearvores.com.br\/loja\/wp-json\/wp\/v2\/media?parent=908"}],"wp:term":[{"taxonomy":"product_brand","embeddable":true,"href":"https:\/\/fabricadearvores.com.br\/loja\/wp-json\/wp\/v2\/product_brand?post=908"},{"taxonomy":"product_cat","embeddable":true,"href":"https:\/\/fabricadearvores.com.br\/loja\/wp-json\/wp\/v2\/product_cat?post=908"},{"taxonomy":"product_tag","embeddable":true,"href":"https:\/\/fabricadearvores.com.br\/loja\/wp-json\/wp\/v2\/product_tag?post=908"}],"curies":[{"name":"wp","href":"https:\/\/api.w.org\/{rel}","templated":true}]}}