{"id":2593,"date":"2022-06-29T18:09:27","date_gmt":"2022-06-29T21:09:27","guid":{"rendered":"https:\/\/fabricadearvores.com.br\/loja\/?post_type=product&#038;p=2593"},"modified":"2023-09-18T18:53:57","modified_gmt":"2023-09-18T21:53:57","slug":"ameixa-da-mata-eugenia-candolleana","status":"publish","type":"product","link":"https:\/\/fabricadearvores.com.br\/loja\/produto\/ameixa-da-mata-eugenia-candolleana\/","title":{"rendered":"Ameixa da mata &#8211; Eugenia candolleana"},"content":{"rendered":"<p>Descri\u00e7\u00e3o do produto em breve.<\/p>\n<p>Ameixa da mata \/ Cambu\u00ed roxo \/ Cereja preta \/ Cereja de Joinville<\/p>\n<p>Eugenia candolleana<\/p>\n<p>Rosaceae<\/p>\n","protected":false},"excerpt":{"rendered":"<p>Muda de \u00e1rvore frut\u00edfera nativa (vaso\/recipiente n\u00e3o acompanha o produto).<\/p>\n","protected":false},"featured_media":2275,"template":"","meta":{"_acf_changed":false},"product_brand":[],"product_cat":[18,26],"product_tag":[],"class_list":{"0":"post-2593","1":"product","2":"type-product","3":"status-publish","4":"has-post-thumbnail","6":"product_cat-arvores","7":"product_cat-frutiferas","9":"first","10":"outofstock","11":"shipping-taxable","12":"product-type-variable"},"acf":[],"yoast_head":"<!-- This site is optimized with the Yoast SEO plugin v27.3 - https:\/\/yoast.com\/product\/yoast-seo-wordpress\/ -->\n<title>Ameixa da mata - Eugenia candolleana - F\u00e1brica de \u00c1rvores - O viveiro mais moderno do Brasil<\/title>\n<meta name=\"description\" content=\"Ameixa da mata - Eugenia candolleana de qualidade voc\u00ea s\u00f3 encontra na loja da F\u00e1brica de \u00c1rvores. Entrega para todo o Brasil!\" \/>\n<meta name=\"robots\" content=\"index, follow, max-snippet:-1, max-image-preview:large, max-video-preview:-1\" \/>\n<link rel=\"canonical\" href=\"https:\/\/fabricadearvores.com.br\/loja\/produto\/ameixa-da-mata-eugenia-candolleana\/\" \/>\n<meta property=\"og:locale\" content=\"pt_BR\" \/>\n<meta property=\"og:type\" content=\"article\" \/>\n<meta property=\"og:title\" content=\"Ameixa da mata - Eugenia candolleana - F\u00e1brica de \u00c1rvores - O viveiro mais moderno do Brasil\" \/>\n<meta property=\"og:description\" content=\"Ameixa da mata - Eugenia candolleana de qualidade voc\u00ea s\u00f3 encontra na loja da F\u00e1brica de \u00c1rvores. Entrega para todo o Brasil!\" \/>\n<meta property=\"og:url\" content=\"https:\/\/fabricadearvores.com.br\/loja\/produto\/ameixa-da-mata-eugenia-candolleana\/\" \/>\n<meta property=\"og:site_name\" content=\"F\u00e1brica de \u00c1rvores\" \/>\n<meta property=\"article:publisher\" content=\"https:\/\/www.facebook.com\/fabricadearvores\/\" \/>\n<meta property=\"article:modified_time\" content=\"2023-09-18T21:53:57+00:00\" \/>\n<meta property=\"og:image\" content=\"https:\/\/fabricadearvores.com.br\/loja\/wp-content\/uploads\/2022\/06\/fabrica-de-arvores-ameixa-da-mata-m.jpg\" \/>\n\t<meta property=\"og:image:width\" content=\"1200\" \/>\n\t<meta property=\"og:image:height\" content=\"1200\" \/>\n\t<meta property=\"og:image:type\" content=\"image\/jpeg\" \/>\n<meta name=\"twitter:card\" content=\"summary_large_image\" \/>\n<script type=\"application\/ld+json\" class=\"yoast-schema-graph\">{\"@context\":\"https:\\\/\\\/schema.org\",\"@graph\":[{\"@type\":\"WebPage\",\"@id\":\"https:\\\/\\\/fabricadearvores.com.br\\\/loja\\\/produto\\\/ameixa-da-mata-eugenia-candolleana\\\/\",\"url\":\"https:\\\/\\\/fabricadearvores.com.br\\\/loja\\\/produto\\\/ameixa-da-mata-eugenia-candolleana\\\/\",\"name\":\"Ameixa da mata - Eugenia candolleana - F\u00e1brica de \u00c1rvores - O viveiro mais moderno do Brasil\",\"isPartOf\":{\"@id\":\"https:\\\/\\\/fabricadearvores.com.br\\\/loja\\\/#website\"},\"primaryImageOfPage\":{\"@id\":\"https:\\\/\\\/fabricadearvores.com.br\\\/loja\\\/produto\\\/ameixa-da-mata-eugenia-candolleana\\\/#primaryimage\"},\"image\":{\"@id\":\"https:\\\/\\\/fabricadearvores.com.br\\\/loja\\\/produto\\\/ameixa-da-mata-eugenia-candolleana\\\/#primaryimage\"},\"thumbnailUrl\":\"https:\\\/\\\/fabricadearvores.com.br\\\/loja\\\/wp-content\\\/uploads\\\/2022\\\/06\\\/fabrica-de-arvores-ameixa-da-mata-m.jpg\",\"datePublished\":\"2022-06-29T21:09:27+00:00\",\"dateModified\":\"2023-09-18T21:53:57+00:00\",\"description\":\"Ameixa da mata - Eugenia candolleana de qualidade voc\u00ea s\u00f3 encontra na loja da F\u00e1brica de \u00c1rvores. Entrega para todo o Brasil!\",\"breadcrumb\":{\"@id\":\"https:\\\/\\\/fabricadearvores.com.br\\\/loja\\\/produto\\\/ameixa-da-mata-eugenia-candolleana\\\/#breadcrumb\"},\"inLanguage\":\"pt-BR\",\"potentialAction\":[{\"@type\":\"ReadAction\",\"target\":[\"https:\\\/\\\/fabricadearvores.com.br\\\/loja\\\/produto\\\/ameixa-da-mata-eugenia-candolleana\\\/\"]}]},{\"@type\":\"ImageObject\",\"inLanguage\":\"pt-BR\",\"@id\":\"https:\\\/\\\/fabricadearvores.com.br\\\/loja\\\/produto\\\/ameixa-da-mata-eugenia-candolleana\\\/#primaryimage\",\"url\":\"https:\\\/\\\/fabricadearvores.com.br\\\/loja\\\/wp-content\\\/uploads\\\/2022\\\/06\\\/fabrica-de-arvores-ameixa-da-mata-m.jpg\",\"contentUrl\":\"https:\\\/\\\/fabricadearvores.com.br\\\/loja\\\/wp-content\\\/uploads\\\/2022\\\/06\\\/fabrica-de-arvores-ameixa-da-mata-m.jpg\",\"width\":1200,\"height\":1200},{\"@type\":\"BreadcrumbList\",\"@id\":\"https:\\\/\\\/fabricadearvores.com.br\\\/loja\\\/produto\\\/ameixa-da-mata-eugenia-candolleana\\\/#breadcrumb\",\"itemListElement\":[{\"@type\":\"ListItem\",\"position\":1,\"name\":\"In\u00edcio\",\"item\":\"https:\\\/\\\/fabricadearvores.com.br\\\/loja\\\/\"},{\"@type\":\"ListItem\",\"position\":2,\"name\":\"Produtos\",\"item\":\"https:\\\/\\\/fabricadearvores.com.br\\\/loja\\\/produtos\\\/\"},{\"@type\":\"ListItem\",\"position\":3,\"name\":\"\u00c1rvores\",\"item\":\"https:\\\/\\\/fabricadearvores.com.br\\\/loja\\\/categoria\\\/arvores\\\/\"},{\"@type\":\"ListItem\",\"position\":4,\"name\":\"Ameixa da mata &#8211; Eugenia candolleana\"}]},{\"@type\":\"WebSite\",\"@id\":\"https:\\\/\\\/fabricadearvores.com.br\\\/loja\\\/#website\",\"url\":\"https:\\\/\\\/fabricadearvores.com.br\\\/loja\\\/\",\"name\":\"F\u00e1brica de \u00c1rvores\",\"description\":\"O viveiro mais moderno do Brasil\",\"publisher\":{\"@id\":\"https:\\\/\\\/fabricadearvores.com.br\\\/loja\\\/#organization\"},\"alternateName\":\"F\u00e1brica de \u00c1rvores\",\"potentialAction\":[{\"@type\":\"SearchAction\",\"target\":{\"@type\":\"EntryPoint\",\"urlTemplate\":\"https:\\\/\\\/fabricadearvores.com.br\\\/loja\\\/?s={search_term_string}\"},\"query-input\":{\"@type\":\"PropertyValueSpecification\",\"valueRequired\":true,\"valueName\":\"search_term_string\"}}],\"inLanguage\":\"pt-BR\"},{\"@type\":\"Organization\",\"@id\":\"https:\\\/\\\/fabricadearvores.com.br\\\/loja\\\/#organization\",\"name\":\"F\u00e1brica de \u00c1rvores\",\"alternateName\":\"F\u00e1brica de \u00c1rvores\",\"url\":\"https:\\\/\\\/fabricadearvores.com.br\\\/loja\\\/\",\"logo\":{\"@type\":\"ImageObject\",\"inLanguage\":\"pt-BR\",\"@id\":\"https:\\\/\\\/fabricadearvores.com.br\\\/loja\\\/#\\\/schema\\\/logo\\\/image\\\/\",\"url\":\"https:\\\/\\\/fabricadearvores.com.br\\\/loja\\\/wp-content\\\/uploads\\\/2021\\\/04\\\/logo-fabrica-de-arvores-1.png\",\"contentUrl\":\"https:\\\/\\\/fabricadearvores.com.br\\\/loja\\\/wp-content\\\/uploads\\\/2021\\\/04\\\/logo-fabrica-de-arvores-1.png\",\"width\":270,\"height\":270,\"caption\":\"F\u00e1brica de \u00c1rvores\"},\"image\":{\"@id\":\"https:\\\/\\\/fabricadearvores.com.br\\\/loja\\\/#\\\/schema\\\/logo\\\/image\\\/\"},\"sameAs\":[\"https:\\\/\\\/www.facebook.com\\\/fabricadearvores\\\/\",\"https:\\\/\\\/www.instagram.com\\\/fabricadearvores\\\/\",\"https:\\\/\\\/www.youtube.com\\\/channel\\\/UCewQu5ZrmyCB22UMviyFCFg\"]}]}<\/script>\n<!-- \/ Yoast SEO plugin. -->","yoast_head_json":{"title":"Ameixa da mata - Eugenia candolleana - F\u00e1brica de \u00c1rvores - O viveiro mais moderno do Brasil","description":"Ameixa da mata - Eugenia candolleana de qualidade voc\u00ea s\u00f3 encontra na loja da F\u00e1brica de \u00c1rvores. Entrega para todo o Brasil!","robots":{"index":"index","follow":"follow","max-snippet":"max-snippet:-1","max-image-preview":"max-image-preview:large","max-video-preview":"max-video-preview:-1"},"canonical":"https:\/\/fabricadearvores.com.br\/loja\/produto\/ameixa-da-mata-eugenia-candolleana\/","og_locale":"pt_BR","og_type":"article","og_title":"Ameixa da mata - Eugenia candolleana - F\u00e1brica de \u00c1rvores - O viveiro mais moderno do Brasil","og_description":"Ameixa da mata - Eugenia candolleana de qualidade voc\u00ea s\u00f3 encontra na loja da F\u00e1brica de \u00c1rvores. Entrega para todo o Brasil!","og_url":"https:\/\/fabricadearvores.com.br\/loja\/produto\/ameixa-da-mata-eugenia-candolleana\/","og_site_name":"F\u00e1brica de \u00c1rvores","article_publisher":"https:\/\/www.facebook.com\/fabricadearvores\/","article_modified_time":"2023-09-18T21:53:57+00:00","og_image":[{"width":1200,"height":1200,"url":"https:\/\/fabricadearvores.com.br\/loja\/wp-content\/uploads\/2022\/06\/fabrica-de-arvores-ameixa-da-mata-m.jpg","type":"image\/jpeg"}],"twitter_card":"summary_large_image","schema":{"@context":"https:\/\/schema.org","@graph":[{"@type":"WebPage","@id":"https:\/\/fabricadearvores.com.br\/loja\/produto\/ameixa-da-mata-eugenia-candolleana\/","url":"https:\/\/fabricadearvores.com.br\/loja\/produto\/ameixa-da-mata-eugenia-candolleana\/","name":"Ameixa da mata - Eugenia candolleana - F\u00e1brica de \u00c1rvores - O viveiro mais moderno do Brasil","isPartOf":{"@id":"https:\/\/fabricadearvores.com.br\/loja\/#website"},"primaryImageOfPage":{"@id":"https:\/\/fabricadearvores.com.br\/loja\/produto\/ameixa-da-mata-eugenia-candolleana\/#primaryimage"},"image":{"@id":"https:\/\/fabricadearvores.com.br\/loja\/produto\/ameixa-da-mata-eugenia-candolleana\/#primaryimage"},"thumbnailUrl":"https:\/\/fabricadearvores.com.br\/loja\/wp-content\/uploads\/2022\/06\/fabrica-de-arvores-ameixa-da-mata-m.jpg","datePublished":"2022-06-29T21:09:27+00:00","dateModified":"2023-09-18T21:53:57+00:00","description":"Ameixa da mata - Eugenia candolleana de qualidade voc\u00ea s\u00f3 encontra na loja da F\u00e1brica de \u00c1rvores. Entrega para todo o Brasil!","breadcrumb":{"@id":"https:\/\/fabricadearvores.com.br\/loja\/produto\/ameixa-da-mata-eugenia-candolleana\/#breadcrumb"},"inLanguage":"pt-BR","potentialAction":[{"@type":"ReadAction","target":["https:\/\/fabricadearvores.com.br\/loja\/produto\/ameixa-da-mata-eugenia-candolleana\/"]}]},{"@type":"ImageObject","inLanguage":"pt-BR","@id":"https:\/\/fabricadearvores.com.br\/loja\/produto\/ameixa-da-mata-eugenia-candolleana\/#primaryimage","url":"https:\/\/fabricadearvores.com.br\/loja\/wp-content\/uploads\/2022\/06\/fabrica-de-arvores-ameixa-da-mata-m.jpg","contentUrl":"https:\/\/fabricadearvores.com.br\/loja\/wp-content\/uploads\/2022\/06\/fabrica-de-arvores-ameixa-da-mata-m.jpg","width":1200,"height":1200},{"@type":"BreadcrumbList","@id":"https:\/\/fabricadearvores.com.br\/loja\/produto\/ameixa-da-mata-eugenia-candolleana\/#breadcrumb","itemListElement":[{"@type":"ListItem","position":1,"name":"In\u00edcio","item":"https:\/\/fabricadearvores.com.br\/loja\/"},{"@type":"ListItem","position":2,"name":"Produtos","item":"https:\/\/fabricadearvores.com.br\/loja\/produtos\/"},{"@type":"ListItem","position":3,"name":"\u00c1rvores","item":"https:\/\/fabricadearvores.com.br\/loja\/categoria\/arvores\/"},{"@type":"ListItem","position":4,"name":"Ameixa da mata &#8211; Eugenia candolleana"}]},{"@type":"WebSite","@id":"https:\/\/fabricadearvores.com.br\/loja\/#website","url":"https:\/\/fabricadearvores.com.br\/loja\/","name":"F\u00e1brica de \u00c1rvores","description":"O viveiro mais moderno do Brasil","publisher":{"@id":"https:\/\/fabricadearvores.com.br\/loja\/#organization"},"alternateName":"F\u00e1brica de \u00c1rvores","potentialAction":[{"@type":"SearchAction","target":{"@type":"EntryPoint","urlTemplate":"https:\/\/fabricadearvores.com.br\/loja\/?s={search_term_string}"},"query-input":{"@type":"PropertyValueSpecification","valueRequired":true,"valueName":"search_term_string"}}],"inLanguage":"pt-BR"},{"@type":"Organization","@id":"https:\/\/fabricadearvores.com.br\/loja\/#organization","name":"F\u00e1brica de \u00c1rvores","alternateName":"F\u00e1brica de \u00c1rvores","url":"https:\/\/fabricadearvores.com.br\/loja\/","logo":{"@type":"ImageObject","inLanguage":"pt-BR","@id":"https:\/\/fabricadearvores.com.br\/loja\/#\/schema\/logo\/image\/","url":"https:\/\/fabricadearvores.com.br\/loja\/wp-content\/uploads\/2021\/04\/logo-fabrica-de-arvores-1.png","contentUrl":"https:\/\/fabricadearvores.com.br\/loja\/wp-content\/uploads\/2021\/04\/logo-fabrica-de-arvores-1.png","width":270,"height":270,"caption":"F\u00e1brica de \u00c1rvores"},"image":{"@id":"https:\/\/fabricadearvores.com.br\/loja\/#\/schema\/logo\/image\/"},"sameAs":["https:\/\/www.facebook.com\/fabricadearvores\/","https:\/\/www.instagram.com\/fabricadearvores\/","https:\/\/www.youtube.com\/channel\/UCewQu5ZrmyCB22UMviyFCFg"]}]}},"_links":{"self":[{"href":"https:\/\/fabricadearvores.com.br\/loja\/wp-json\/wp\/v2\/product\/2593","targetHints":{"allow":["GET"]}}],"collection":[{"href":"https:\/\/fabricadearvores.com.br\/loja\/wp-json\/wp\/v2\/product"}],"about":[{"href":"https:\/\/fabricadearvores.com.br\/loja\/wp-json\/wp\/v2\/types\/product"}],"wp:featuredmedia":[{"embeddable":true,"href":"https:\/\/fabricadearvores.com.br\/loja\/wp-json\/wp\/v2\/media\/2275"}],"wp:attachment":[{"href":"https:\/\/fabricadearvores.com.br\/loja\/wp-json\/wp\/v2\/media?parent=2593"}],"wp:term":[{"taxonomy":"product_brand","embeddable":true,"href":"https:\/\/fabricadearvores.com.br\/loja\/wp-json\/wp\/v2\/product_brand?post=2593"},{"taxonomy":"product_cat","embeddable":true,"href":"https:\/\/fabricadearvores.com.br\/loja\/wp-json\/wp\/v2\/product_cat?post=2593"},{"taxonomy":"product_tag","embeddable":true,"href":"https:\/\/fabricadearvores.com.br\/loja\/wp-json\/wp\/v2\/product_tag?post=2593"}],"curies":[{"name":"wp","href":"https:\/\/api.w.org\/{rel}","templated":true}]}}