{"id":2587,"date":"2022-06-29T17:10:12","date_gmt":"2022-06-29T20:10:12","guid":{"rendered":"https:\/\/fabricadearvores.com.br\/loja\/?post_type=product&#038;p=2587"},"modified":"2023-09-18T18:53:57","modified_gmt":"2023-09-18T21:53:57","slug":"amoreira-brava-maclura-tinctoria","status":"publish","type":"product","link":"https:\/\/fabricadearvores.com.br\/loja\/produto\/amoreira-brava-maclura-tinctoria\/","title":{"rendered":"Amoreira brava &#8211; Maclura tinctoria"},"content":{"rendered":"<p>Esp\u00e9cie nativa de copa densa, levemente lateralizada, que forma boa sombra. Bastante atrativa de avifauna e \u00f3tima para reflorestamento e arboriza\u00e7\u00e3o urbana.<\/p>\n<p><strong>Nome Popular:<\/strong> Amoreira Brava \/ Tai\u00fava \/ Amora brava<br \/>\n<strong>Nome Cientifico:<\/strong> Maclura tinctoria<br \/>\n<strong>Fam\u00edlia:<\/strong> Moraceae<br \/>\n<strong>Origem:<\/strong> Nativa<br \/>\n<strong>Sucess\u00e3o Ecol\u00f3gica:<\/strong> N\u00e3o Pioneira<br \/>\n<strong>Dispers\u00e3o:<\/strong> Frut\u00edfera \/ Zooc\u00f3rica \/ Zoocoria<br \/>\n<strong>Biomas:<\/strong> Amaz\u00f4nia \/ Caatinga \/ Cerrado \/ Mata atl\u00e2ntica \/ Pampa \/ Pantanal<br \/>\n<strong>Porte da Esp\u00e9cie:<\/strong> \u00c1rvore &#8211; 10 a 30m<br \/>\n<strong>Copa:<\/strong> Dec\u00eddua<br \/>\n<strong>Cor da Flor:<\/strong> Branca-esverdeada<br \/>\n<strong>\u00c9poca de Flora\u00e7\u00e3o:<\/strong> Setembro a Novembro<br \/>\n<strong>\u00c9poca de Frutifica\u00e7\u00e3o:<\/strong> Dezembro a Fevereiro<\/p>\n","protected":false},"excerpt":{"rendered":"<p>Muda de \u00e1rvore nativa (vaso\/recipiente n\u00e3o acompanha o produto).<\/p>\n","protected":false},"featured_media":2586,"template":"","meta":{"_acf_changed":false},"product_brand":[],"product_cat":[18,46],"product_tag":[398,159,397,399],"class_list":{"0":"post-2587","1":"product","2":"type-product","3":"status-publish","4":"has-post-thumbnail","6":"product_cat-arvores","7":"product_cat-ornamentais","8":"product_tag-amoreira-brava","9":"product_tag-arvore-nativa-ornamental","10":"product_tag-maclura-tinctoria","11":"product_tag-taiuva","13":"first","14":"outofstock","15":"shipping-taxable","16":"product-type-variable"},"acf":[],"yoast_head":"<!-- This site is optimized with the Yoast SEO plugin v27.3 - https:\/\/yoast.com\/product\/yoast-seo-wordpress\/ -->\n<title>Amoreira brava - Maclura tinctoria - F\u00e1brica de \u00c1rvores - O viveiro mais moderno do Brasil<\/title>\n<meta name=\"description\" content=\"Amoreira brava - Maclura tinctoria de qualidade voc\u00ea s\u00f3 encontra na loja da F\u00e1brica de \u00c1rvores. Entrega para todo o Brasil!\" \/>\n<meta name=\"robots\" content=\"index, follow, max-snippet:-1, max-image-preview:large, max-video-preview:-1\" \/>\n<link rel=\"canonical\" href=\"https:\/\/fabricadearvores.com.br\/loja\/produto\/amoreira-brava-maclura-tinctoria\/\" \/>\n<meta property=\"og:locale\" content=\"pt_BR\" \/>\n<meta property=\"og:type\" content=\"article\" \/>\n<meta property=\"og:title\" content=\"Amoreira brava - Maclura tinctoria - F\u00e1brica de \u00c1rvores - O viveiro mais moderno do Brasil\" \/>\n<meta property=\"og:description\" content=\"Amoreira brava - Maclura tinctoria de qualidade voc\u00ea s\u00f3 encontra na loja da F\u00e1brica de \u00c1rvores. Entrega para todo o Brasil!\" \/>\n<meta property=\"og:url\" content=\"https:\/\/fabricadearvores.com.br\/loja\/produto\/amoreira-brava-maclura-tinctoria\/\" \/>\n<meta property=\"og:site_name\" content=\"F\u00e1brica de \u00c1rvores\" \/>\n<meta property=\"article:publisher\" content=\"https:\/\/www.facebook.com\/fabricadearvores\/\" \/>\n<meta property=\"article:modified_time\" content=\"2023-09-18T21:53:57+00:00\" \/>\n<meta property=\"og:image\" content=\"https:\/\/fabricadearvores.com.br\/loja\/wp-content\/uploads\/2022\/06\/fabrica-de-arvores-amoreira-brava-maclura-tinctoria-m.jpg\" \/>\n\t<meta property=\"og:image:width\" content=\"1200\" \/>\n\t<meta property=\"og:image:height\" content=\"1200\" \/>\n\t<meta property=\"og:image:type\" content=\"image\/jpeg\" \/>\n<meta name=\"twitter:card\" content=\"summary_large_image\" \/>\n<script type=\"application\/ld+json\" class=\"yoast-schema-graph\">{\"@context\":\"https:\\\/\\\/schema.org\",\"@graph\":[{\"@type\":\"WebPage\",\"@id\":\"https:\\\/\\\/fabricadearvores.com.br\\\/loja\\\/produto\\\/amoreira-brava-maclura-tinctoria\\\/\",\"url\":\"https:\\\/\\\/fabricadearvores.com.br\\\/loja\\\/produto\\\/amoreira-brava-maclura-tinctoria\\\/\",\"name\":\"Amoreira brava - Maclura tinctoria - F\u00e1brica de \u00c1rvores - O viveiro mais moderno do Brasil\",\"isPartOf\":{\"@id\":\"https:\\\/\\\/fabricadearvores.com.br\\\/loja\\\/#website\"},\"primaryImageOfPage\":{\"@id\":\"https:\\\/\\\/fabricadearvores.com.br\\\/loja\\\/produto\\\/amoreira-brava-maclura-tinctoria\\\/#primaryimage\"},\"image\":{\"@id\":\"https:\\\/\\\/fabricadearvores.com.br\\\/loja\\\/produto\\\/amoreira-brava-maclura-tinctoria\\\/#primaryimage\"},\"thumbnailUrl\":\"https:\\\/\\\/fabricadearvores.com.br\\\/loja\\\/wp-content\\\/uploads\\\/2022\\\/06\\\/fabrica-de-arvores-amoreira-brava-maclura-tinctoria-m.jpg\",\"datePublished\":\"2022-06-29T20:10:12+00:00\",\"dateModified\":\"2023-09-18T21:53:57+00:00\",\"description\":\"Amoreira brava - Maclura tinctoria de qualidade voc\u00ea s\u00f3 encontra na loja da F\u00e1brica de \u00c1rvores. Entrega para todo o Brasil!\",\"breadcrumb\":{\"@id\":\"https:\\\/\\\/fabricadearvores.com.br\\\/loja\\\/produto\\\/amoreira-brava-maclura-tinctoria\\\/#breadcrumb\"},\"inLanguage\":\"pt-BR\",\"potentialAction\":[{\"@type\":\"ReadAction\",\"target\":[\"https:\\\/\\\/fabricadearvores.com.br\\\/loja\\\/produto\\\/amoreira-brava-maclura-tinctoria\\\/\"]}]},{\"@type\":\"ImageObject\",\"inLanguage\":\"pt-BR\",\"@id\":\"https:\\\/\\\/fabricadearvores.com.br\\\/loja\\\/produto\\\/amoreira-brava-maclura-tinctoria\\\/#primaryimage\",\"url\":\"https:\\\/\\\/fabricadearvores.com.br\\\/loja\\\/wp-content\\\/uploads\\\/2022\\\/06\\\/fabrica-de-arvores-amoreira-brava-maclura-tinctoria-m.jpg\",\"contentUrl\":\"https:\\\/\\\/fabricadearvores.com.br\\\/loja\\\/wp-content\\\/uploads\\\/2022\\\/06\\\/fabrica-de-arvores-amoreira-brava-maclura-tinctoria-m.jpg\",\"width\":1200,\"height\":1200},{\"@type\":\"BreadcrumbList\",\"@id\":\"https:\\\/\\\/fabricadearvores.com.br\\\/loja\\\/produto\\\/amoreira-brava-maclura-tinctoria\\\/#breadcrumb\",\"itemListElement\":[{\"@type\":\"ListItem\",\"position\":1,\"name\":\"In\u00edcio\",\"item\":\"https:\\\/\\\/fabricadearvores.com.br\\\/loja\\\/\"},{\"@type\":\"ListItem\",\"position\":2,\"name\":\"Produtos\",\"item\":\"https:\\\/\\\/fabricadearvores.com.br\\\/loja\\\/produtos\\\/\"},{\"@type\":\"ListItem\",\"position\":3,\"name\":\"\u00c1rvores\",\"item\":\"https:\\\/\\\/fabricadearvores.com.br\\\/loja\\\/categoria\\\/arvores\\\/\"},{\"@type\":\"ListItem\",\"position\":4,\"name\":\"Amoreira brava &#8211; Maclura tinctoria\"}]},{\"@type\":\"WebSite\",\"@id\":\"https:\\\/\\\/fabricadearvores.com.br\\\/loja\\\/#website\",\"url\":\"https:\\\/\\\/fabricadearvores.com.br\\\/loja\\\/\",\"name\":\"F\u00e1brica de \u00c1rvores\",\"description\":\"O viveiro mais moderno do Brasil\",\"publisher\":{\"@id\":\"https:\\\/\\\/fabricadearvores.com.br\\\/loja\\\/#organization\"},\"alternateName\":\"F\u00e1brica de \u00c1rvores\",\"potentialAction\":[{\"@type\":\"SearchAction\",\"target\":{\"@type\":\"EntryPoint\",\"urlTemplate\":\"https:\\\/\\\/fabricadearvores.com.br\\\/loja\\\/?s={search_term_string}\"},\"query-input\":{\"@type\":\"PropertyValueSpecification\",\"valueRequired\":true,\"valueName\":\"search_term_string\"}}],\"inLanguage\":\"pt-BR\"},{\"@type\":\"Organization\",\"@id\":\"https:\\\/\\\/fabricadearvores.com.br\\\/loja\\\/#organization\",\"name\":\"F\u00e1brica de \u00c1rvores\",\"alternateName\":\"F\u00e1brica de \u00c1rvores\",\"url\":\"https:\\\/\\\/fabricadearvores.com.br\\\/loja\\\/\",\"logo\":{\"@type\":\"ImageObject\",\"inLanguage\":\"pt-BR\",\"@id\":\"https:\\\/\\\/fabricadearvores.com.br\\\/loja\\\/#\\\/schema\\\/logo\\\/image\\\/\",\"url\":\"https:\\\/\\\/fabricadearvores.com.br\\\/loja\\\/wp-content\\\/uploads\\\/2021\\\/04\\\/logo-fabrica-de-arvores-1.png\",\"contentUrl\":\"https:\\\/\\\/fabricadearvores.com.br\\\/loja\\\/wp-content\\\/uploads\\\/2021\\\/04\\\/logo-fabrica-de-arvores-1.png\",\"width\":270,\"height\":270,\"caption\":\"F\u00e1brica de \u00c1rvores\"},\"image\":{\"@id\":\"https:\\\/\\\/fabricadearvores.com.br\\\/loja\\\/#\\\/schema\\\/logo\\\/image\\\/\"},\"sameAs\":[\"https:\\\/\\\/www.facebook.com\\\/fabricadearvores\\\/\",\"https:\\\/\\\/www.instagram.com\\\/fabricadearvores\\\/\",\"https:\\\/\\\/www.youtube.com\\\/channel\\\/UCewQu5ZrmyCB22UMviyFCFg\"]}]}<\/script>\n<!-- \/ Yoast SEO plugin. -->","yoast_head_json":{"title":"Amoreira brava - Maclura tinctoria - F\u00e1brica de \u00c1rvores - O viveiro mais moderno do Brasil","description":"Amoreira brava - Maclura tinctoria de qualidade voc\u00ea s\u00f3 encontra na loja da F\u00e1brica de \u00c1rvores. Entrega para todo o Brasil!","robots":{"index":"index","follow":"follow","max-snippet":"max-snippet:-1","max-image-preview":"max-image-preview:large","max-video-preview":"max-video-preview:-1"},"canonical":"https:\/\/fabricadearvores.com.br\/loja\/produto\/amoreira-brava-maclura-tinctoria\/","og_locale":"pt_BR","og_type":"article","og_title":"Amoreira brava - Maclura tinctoria - F\u00e1brica de \u00c1rvores - O viveiro mais moderno do Brasil","og_description":"Amoreira brava - Maclura tinctoria de qualidade voc\u00ea s\u00f3 encontra na loja da F\u00e1brica de \u00c1rvores. Entrega para todo o Brasil!","og_url":"https:\/\/fabricadearvores.com.br\/loja\/produto\/amoreira-brava-maclura-tinctoria\/","og_site_name":"F\u00e1brica de \u00c1rvores","article_publisher":"https:\/\/www.facebook.com\/fabricadearvores\/","article_modified_time":"2023-09-18T21:53:57+00:00","og_image":[{"width":1200,"height":1200,"url":"https:\/\/fabricadearvores.com.br\/loja\/wp-content\/uploads\/2022\/06\/fabrica-de-arvores-amoreira-brava-maclura-tinctoria-m.jpg","type":"image\/jpeg"}],"twitter_card":"summary_large_image","schema":{"@context":"https:\/\/schema.org","@graph":[{"@type":"WebPage","@id":"https:\/\/fabricadearvores.com.br\/loja\/produto\/amoreira-brava-maclura-tinctoria\/","url":"https:\/\/fabricadearvores.com.br\/loja\/produto\/amoreira-brava-maclura-tinctoria\/","name":"Amoreira brava - Maclura tinctoria - F\u00e1brica de \u00c1rvores - O viveiro mais moderno do Brasil","isPartOf":{"@id":"https:\/\/fabricadearvores.com.br\/loja\/#website"},"primaryImageOfPage":{"@id":"https:\/\/fabricadearvores.com.br\/loja\/produto\/amoreira-brava-maclura-tinctoria\/#primaryimage"},"image":{"@id":"https:\/\/fabricadearvores.com.br\/loja\/produto\/amoreira-brava-maclura-tinctoria\/#primaryimage"},"thumbnailUrl":"https:\/\/fabricadearvores.com.br\/loja\/wp-content\/uploads\/2022\/06\/fabrica-de-arvores-amoreira-brava-maclura-tinctoria-m.jpg","datePublished":"2022-06-29T20:10:12+00:00","dateModified":"2023-09-18T21:53:57+00:00","description":"Amoreira brava - Maclura tinctoria de qualidade voc\u00ea s\u00f3 encontra na loja da F\u00e1brica de \u00c1rvores. Entrega para todo o Brasil!","breadcrumb":{"@id":"https:\/\/fabricadearvores.com.br\/loja\/produto\/amoreira-brava-maclura-tinctoria\/#breadcrumb"},"inLanguage":"pt-BR","potentialAction":[{"@type":"ReadAction","target":["https:\/\/fabricadearvores.com.br\/loja\/produto\/amoreira-brava-maclura-tinctoria\/"]}]},{"@type":"ImageObject","inLanguage":"pt-BR","@id":"https:\/\/fabricadearvores.com.br\/loja\/produto\/amoreira-brava-maclura-tinctoria\/#primaryimage","url":"https:\/\/fabricadearvores.com.br\/loja\/wp-content\/uploads\/2022\/06\/fabrica-de-arvores-amoreira-brava-maclura-tinctoria-m.jpg","contentUrl":"https:\/\/fabricadearvores.com.br\/loja\/wp-content\/uploads\/2022\/06\/fabrica-de-arvores-amoreira-brava-maclura-tinctoria-m.jpg","width":1200,"height":1200},{"@type":"BreadcrumbList","@id":"https:\/\/fabricadearvores.com.br\/loja\/produto\/amoreira-brava-maclura-tinctoria\/#breadcrumb","itemListElement":[{"@type":"ListItem","position":1,"name":"In\u00edcio","item":"https:\/\/fabricadearvores.com.br\/loja\/"},{"@type":"ListItem","position":2,"name":"Produtos","item":"https:\/\/fabricadearvores.com.br\/loja\/produtos\/"},{"@type":"ListItem","position":3,"name":"\u00c1rvores","item":"https:\/\/fabricadearvores.com.br\/loja\/categoria\/arvores\/"},{"@type":"ListItem","position":4,"name":"Amoreira brava &#8211; Maclura tinctoria"}]},{"@type":"WebSite","@id":"https:\/\/fabricadearvores.com.br\/loja\/#website","url":"https:\/\/fabricadearvores.com.br\/loja\/","name":"F\u00e1brica de \u00c1rvores","description":"O viveiro mais moderno do Brasil","publisher":{"@id":"https:\/\/fabricadearvores.com.br\/loja\/#organization"},"alternateName":"F\u00e1brica de \u00c1rvores","potentialAction":[{"@type":"SearchAction","target":{"@type":"EntryPoint","urlTemplate":"https:\/\/fabricadearvores.com.br\/loja\/?s={search_term_string}"},"query-input":{"@type":"PropertyValueSpecification","valueRequired":true,"valueName":"search_term_string"}}],"inLanguage":"pt-BR"},{"@type":"Organization","@id":"https:\/\/fabricadearvores.com.br\/loja\/#organization","name":"F\u00e1brica de \u00c1rvores","alternateName":"F\u00e1brica de \u00c1rvores","url":"https:\/\/fabricadearvores.com.br\/loja\/","logo":{"@type":"ImageObject","inLanguage":"pt-BR","@id":"https:\/\/fabricadearvores.com.br\/loja\/#\/schema\/logo\/image\/","url":"https:\/\/fabricadearvores.com.br\/loja\/wp-content\/uploads\/2021\/04\/logo-fabrica-de-arvores-1.png","contentUrl":"https:\/\/fabricadearvores.com.br\/loja\/wp-content\/uploads\/2021\/04\/logo-fabrica-de-arvores-1.png","width":270,"height":270,"caption":"F\u00e1brica de \u00c1rvores"},"image":{"@id":"https:\/\/fabricadearvores.com.br\/loja\/#\/schema\/logo\/image\/"},"sameAs":["https:\/\/www.facebook.com\/fabricadearvores\/","https:\/\/www.instagram.com\/fabricadearvores\/","https:\/\/www.youtube.com\/channel\/UCewQu5ZrmyCB22UMviyFCFg"]}]}},"_links":{"self":[{"href":"https:\/\/fabricadearvores.com.br\/loja\/wp-json\/wp\/v2\/product\/2587","targetHints":{"allow":["GET"]}}],"collection":[{"href":"https:\/\/fabricadearvores.com.br\/loja\/wp-json\/wp\/v2\/product"}],"about":[{"href":"https:\/\/fabricadearvores.com.br\/loja\/wp-json\/wp\/v2\/types\/product"}],"wp:featuredmedia":[{"embeddable":true,"href":"https:\/\/fabricadearvores.com.br\/loja\/wp-json\/wp\/v2\/media\/2586"}],"wp:attachment":[{"href":"https:\/\/fabricadearvores.com.br\/loja\/wp-json\/wp\/v2\/media?parent=2587"}],"wp:term":[{"taxonomy":"product_brand","embeddable":true,"href":"https:\/\/fabricadearvores.com.br\/loja\/wp-json\/wp\/v2\/product_brand?post=2587"},{"taxonomy":"product_cat","embeddable":true,"href":"https:\/\/fabricadearvores.com.br\/loja\/wp-json\/wp\/v2\/product_cat?post=2587"},{"taxonomy":"product_tag","embeddable":true,"href":"https:\/\/fabricadearvores.com.br\/loja\/wp-json\/wp\/v2\/product_tag?post=2587"}],"curies":[{"name":"wp","href":"https:\/\/api.w.org\/{rel}","templated":true}]}}