{"id":1596,"date":"2022-02-19T15:40:52","date_gmt":"2022-02-19T18:40:52","guid":{"rendered":"https:\/\/fabricadearvores.com.br\/loja\/?post_type=product&#038;p=1596"},"modified":"2023-09-18T20:39:50","modified_gmt":"2023-09-18T23:39:50","slug":"coracao-de-negro-poecilanthe-parviflora","status":"publish","type":"product","link":"https:\/\/fabricadearvores.com.br\/loja\/produto\/coracao-de-negro-poecilanthe-parviflora\/","title":{"rendered":"Cora\u00e7\u00e3o de Negro &#8211; Poecilanthe parviflora"},"content":{"rendered":"<p>Esp\u00e9cie nativa com copa de folhagem verde escura em forma el\u00edptica. Excelente para paisagismo, arboriza\u00e7\u00e3o urbana de ruas e avenidas, \u00f3tima para reflorestamento. Tolera meia sombra mas vai muito bem em \u00e1reas abertas.<\/p>\n<p><strong>Nome Popular:<\/strong> CORA\u00c7\u00c3O-DE-NEGRO<br \/>\n<strong>Nome Cientifico:<\/strong> Poecilanthe parviflora<br \/>\n<strong>Fam\u00edlia:<\/strong> FABACEAE-FABOIDEAE<br \/>\n<strong>Origem:<\/strong> Nativa<br \/>\n<strong>Sucess\u00e3o Ecol\u00f3gica:<\/strong> N\u00e3o Pioneira<br \/>\n<strong>Dispers\u00e3o:<\/strong> AUT<br \/>\n<strong>Biomas:<\/strong> MA<br \/>\n<strong>Porte da Esp\u00e9cie:<\/strong> \u00c1rvore &#8211; 15 a 25m<br \/>\n<strong>Copa:<\/strong> Perenif\u00f3lia<br \/>\n<strong>Cor da Flor:<\/strong> Branca<br \/>\n<strong>\u00c9poca de Flora\u00e7\u00e3o:<\/strong> Outubro a Novembro<br \/>\n<strong>\u00c9poca de Frutifica\u00e7\u00e3o:<\/strong> Junho a Agosto<\/p>\n","protected":false},"excerpt":{"rendered":"<p>Muda de \u00e1rvore nativa (vaso\/recipiente n\u00e3o acompanha o produto).<\/p>\n","protected":false},"featured_media":0,"template":"","meta":{"_acf_changed":false},"product_brand":[],"product_cat":[18,46],"product_tag":[159,184,183],"class_list":{"0":"post-1596","1":"product","2":"type-product","3":"status-publish","5":"product_cat-arvores","6":"product_cat-ornamentais","7":"product_tag-arvore-nativa-ornamental","8":"product_tag-coracao-de-negro","9":"product_tag-poecilanthe-parviflora","11":"first","12":"outofstock","13":"shipping-taxable","14":"product-type-variable"},"acf":[],"yoast_head":"<!-- This site is optimized with the Yoast SEO plugin v27.4 - https:\/\/yoast.com\/product\/yoast-seo-wordpress\/ -->\n<title>Cora\u00e7\u00e3o de Negro - Poecilanthe parviflora - F\u00e1brica de \u00c1rvores - O viveiro mais moderno do Brasil<\/title>\n<meta name=\"description\" content=\"Cora\u00e7\u00e3o de Negro - Poecilanthe parviflora de qualidade voc\u00ea s\u00f3 encontra na loja da F\u00e1brica de \u00c1rvores. Entrega para todo o Brasil!\" \/>\n<meta name=\"robots\" content=\"index, follow, max-snippet:-1, max-image-preview:large, max-video-preview:-1\" \/>\n<link rel=\"canonical\" href=\"https:\/\/fabricadearvores.com.br\/loja\/produto\/coracao-de-negro-poecilanthe-parviflora\/\" \/>\n<meta property=\"og:locale\" content=\"pt_BR\" \/>\n<meta property=\"og:type\" content=\"article\" \/>\n<meta property=\"og:title\" content=\"Cora\u00e7\u00e3o de Negro - Poecilanthe parviflora - F\u00e1brica de \u00c1rvores - O viveiro mais moderno do Brasil\" \/>\n<meta property=\"og:description\" content=\"Cora\u00e7\u00e3o de Negro - Poecilanthe parviflora de qualidade voc\u00ea s\u00f3 encontra na loja da F\u00e1brica de \u00c1rvores. Entrega para todo o Brasil!\" \/>\n<meta property=\"og:url\" content=\"https:\/\/fabricadearvores.com.br\/loja\/produto\/coracao-de-negro-poecilanthe-parviflora\/\" \/>\n<meta property=\"og:site_name\" content=\"F\u00e1brica de \u00c1rvores\" \/>\n<meta property=\"article:publisher\" content=\"https:\/\/www.facebook.com\/fabricadearvores\/\" \/>\n<meta property=\"article:modified_time\" content=\"2023-09-18T23:39:50+00:00\" \/>\n<meta property=\"og:image\" content=\"https:\/\/fabricadearvores.com.br\/loja\/wp-content\/uploads\/2021\/04\/logo-fabrica-de-arvores-1.png\" \/>\n\t<meta property=\"og:image:width\" content=\"270\" \/>\n\t<meta property=\"og:image:height\" content=\"270\" \/>\n\t<meta property=\"og:image:type\" content=\"image\/png\" \/>\n<meta name=\"twitter:card\" content=\"summary_large_image\" \/>\n<script type=\"application\/ld+json\" class=\"yoast-schema-graph\">{\"@context\":\"https:\\\/\\\/schema.org\",\"@graph\":[{\"@type\":\"WebPage\",\"@id\":\"https:\\\/\\\/fabricadearvores.com.br\\\/loja\\\/produto\\\/coracao-de-negro-poecilanthe-parviflora\\\/\",\"url\":\"https:\\\/\\\/fabricadearvores.com.br\\\/loja\\\/produto\\\/coracao-de-negro-poecilanthe-parviflora\\\/\",\"name\":\"Cora\u00e7\u00e3o de Negro - Poecilanthe parviflora - F\u00e1brica de \u00c1rvores - O viveiro mais moderno do Brasil\",\"isPartOf\":{\"@id\":\"https:\\\/\\\/fabricadearvores.com.br\\\/loja\\\/#website\"},\"datePublished\":\"2022-02-19T18:40:52+00:00\",\"dateModified\":\"2023-09-18T23:39:50+00:00\",\"description\":\"Cora\u00e7\u00e3o de Negro - Poecilanthe parviflora de qualidade voc\u00ea s\u00f3 encontra na loja da F\u00e1brica de \u00c1rvores. Entrega para todo o Brasil!\",\"breadcrumb\":{\"@id\":\"https:\\\/\\\/fabricadearvores.com.br\\\/loja\\\/produto\\\/coracao-de-negro-poecilanthe-parviflora\\\/#breadcrumb\"},\"inLanguage\":\"pt-BR\",\"potentialAction\":[{\"@type\":\"ReadAction\",\"target\":[\"https:\\\/\\\/fabricadearvores.com.br\\\/loja\\\/produto\\\/coracao-de-negro-poecilanthe-parviflora\\\/\"]}]},{\"@type\":\"BreadcrumbList\",\"@id\":\"https:\\\/\\\/fabricadearvores.com.br\\\/loja\\\/produto\\\/coracao-de-negro-poecilanthe-parviflora\\\/#breadcrumb\",\"itemListElement\":[{\"@type\":\"ListItem\",\"position\":1,\"name\":\"In\u00edcio\",\"item\":\"https:\\\/\\\/fabricadearvores.com.br\\\/loja\\\/\"},{\"@type\":\"ListItem\",\"position\":2,\"name\":\"Produtos\",\"item\":\"https:\\\/\\\/fabricadearvores.com.br\\\/loja\\\/produtos\\\/\"},{\"@type\":\"ListItem\",\"position\":3,\"name\":\"\u00c1rvores\",\"item\":\"https:\\\/\\\/fabricadearvores.com.br\\\/loja\\\/categoria\\\/arvores\\\/\"},{\"@type\":\"ListItem\",\"position\":4,\"name\":\"Cora\u00e7\u00e3o de Negro &#8211; Poecilanthe parviflora\"}]},{\"@type\":\"WebSite\",\"@id\":\"https:\\\/\\\/fabricadearvores.com.br\\\/loja\\\/#website\",\"url\":\"https:\\\/\\\/fabricadearvores.com.br\\\/loja\\\/\",\"name\":\"F\u00e1brica de \u00c1rvores\",\"description\":\"O viveiro mais moderno do Brasil\",\"publisher\":{\"@id\":\"https:\\\/\\\/fabricadearvores.com.br\\\/loja\\\/#organization\"},\"alternateName\":\"F\u00e1brica de \u00c1rvores\",\"potentialAction\":[{\"@type\":\"SearchAction\",\"target\":{\"@type\":\"EntryPoint\",\"urlTemplate\":\"https:\\\/\\\/fabricadearvores.com.br\\\/loja\\\/?s={search_term_string}\"},\"query-input\":{\"@type\":\"PropertyValueSpecification\",\"valueRequired\":true,\"valueName\":\"search_term_string\"}}],\"inLanguage\":\"pt-BR\"},{\"@type\":\"Organization\",\"@id\":\"https:\\\/\\\/fabricadearvores.com.br\\\/loja\\\/#organization\",\"name\":\"F\u00e1brica de \u00c1rvores\",\"alternateName\":\"F\u00e1brica de \u00c1rvores\",\"url\":\"https:\\\/\\\/fabricadearvores.com.br\\\/loja\\\/\",\"logo\":{\"@type\":\"ImageObject\",\"inLanguage\":\"pt-BR\",\"@id\":\"https:\\\/\\\/fabricadearvores.com.br\\\/loja\\\/#\\\/schema\\\/logo\\\/image\\\/\",\"url\":\"https:\\\/\\\/fabricadearvores.com.br\\\/loja\\\/wp-content\\\/uploads\\\/2021\\\/04\\\/logo-fabrica-de-arvores-1.png\",\"contentUrl\":\"https:\\\/\\\/fabricadearvores.com.br\\\/loja\\\/wp-content\\\/uploads\\\/2021\\\/04\\\/logo-fabrica-de-arvores-1.png\",\"width\":270,\"height\":270,\"caption\":\"F\u00e1brica de \u00c1rvores\"},\"image\":{\"@id\":\"https:\\\/\\\/fabricadearvores.com.br\\\/loja\\\/#\\\/schema\\\/logo\\\/image\\\/\"},\"sameAs\":[\"https:\\\/\\\/www.facebook.com\\\/fabricadearvores\\\/\",\"https:\\\/\\\/www.instagram.com\\\/fabricadearvores\\\/\",\"https:\\\/\\\/www.youtube.com\\\/channel\\\/UCewQu5ZrmyCB22UMviyFCFg\"]}]}<\/script>\n<!-- \/ Yoast SEO plugin. -->","yoast_head_json":{"title":"Cora\u00e7\u00e3o de Negro - Poecilanthe parviflora - F\u00e1brica de \u00c1rvores - O viveiro mais moderno do Brasil","description":"Cora\u00e7\u00e3o de Negro - Poecilanthe parviflora de qualidade voc\u00ea s\u00f3 encontra na loja da F\u00e1brica de \u00c1rvores. Entrega para todo o Brasil!","robots":{"index":"index","follow":"follow","max-snippet":"max-snippet:-1","max-image-preview":"max-image-preview:large","max-video-preview":"max-video-preview:-1"},"canonical":"https:\/\/fabricadearvores.com.br\/loja\/produto\/coracao-de-negro-poecilanthe-parviflora\/","og_locale":"pt_BR","og_type":"article","og_title":"Cora\u00e7\u00e3o de Negro - Poecilanthe parviflora - F\u00e1brica de \u00c1rvores - O viveiro mais moderno do Brasil","og_description":"Cora\u00e7\u00e3o de Negro - Poecilanthe parviflora de qualidade voc\u00ea s\u00f3 encontra na loja da F\u00e1brica de \u00c1rvores. Entrega para todo o Brasil!","og_url":"https:\/\/fabricadearvores.com.br\/loja\/produto\/coracao-de-negro-poecilanthe-parviflora\/","og_site_name":"F\u00e1brica de \u00c1rvores","article_publisher":"https:\/\/www.facebook.com\/fabricadearvores\/","article_modified_time":"2023-09-18T23:39:50+00:00","og_image":[{"width":270,"height":270,"url":"https:\/\/fabricadearvores.com.br\/loja\/wp-content\/uploads\/2021\/04\/logo-fabrica-de-arvores-1.png","type":"image\/png"}],"twitter_card":"summary_large_image","schema":{"@context":"https:\/\/schema.org","@graph":[{"@type":"WebPage","@id":"https:\/\/fabricadearvores.com.br\/loja\/produto\/coracao-de-negro-poecilanthe-parviflora\/","url":"https:\/\/fabricadearvores.com.br\/loja\/produto\/coracao-de-negro-poecilanthe-parviflora\/","name":"Cora\u00e7\u00e3o de Negro - Poecilanthe parviflora - F\u00e1brica de \u00c1rvores - O viveiro mais moderno do Brasil","isPartOf":{"@id":"https:\/\/fabricadearvores.com.br\/loja\/#website"},"datePublished":"2022-02-19T18:40:52+00:00","dateModified":"2023-09-18T23:39:50+00:00","description":"Cora\u00e7\u00e3o de Negro - Poecilanthe parviflora de qualidade voc\u00ea s\u00f3 encontra na loja da F\u00e1brica de \u00c1rvores. Entrega para todo o Brasil!","breadcrumb":{"@id":"https:\/\/fabricadearvores.com.br\/loja\/produto\/coracao-de-negro-poecilanthe-parviflora\/#breadcrumb"},"inLanguage":"pt-BR","potentialAction":[{"@type":"ReadAction","target":["https:\/\/fabricadearvores.com.br\/loja\/produto\/coracao-de-negro-poecilanthe-parviflora\/"]}]},{"@type":"BreadcrumbList","@id":"https:\/\/fabricadearvores.com.br\/loja\/produto\/coracao-de-negro-poecilanthe-parviflora\/#breadcrumb","itemListElement":[{"@type":"ListItem","position":1,"name":"In\u00edcio","item":"https:\/\/fabricadearvores.com.br\/loja\/"},{"@type":"ListItem","position":2,"name":"Produtos","item":"https:\/\/fabricadearvores.com.br\/loja\/produtos\/"},{"@type":"ListItem","position":3,"name":"\u00c1rvores","item":"https:\/\/fabricadearvores.com.br\/loja\/categoria\/arvores\/"},{"@type":"ListItem","position":4,"name":"Cora\u00e7\u00e3o de Negro &#8211; Poecilanthe parviflora"}]},{"@type":"WebSite","@id":"https:\/\/fabricadearvores.com.br\/loja\/#website","url":"https:\/\/fabricadearvores.com.br\/loja\/","name":"F\u00e1brica de \u00c1rvores","description":"O viveiro mais moderno do Brasil","publisher":{"@id":"https:\/\/fabricadearvores.com.br\/loja\/#organization"},"alternateName":"F\u00e1brica de \u00c1rvores","potentialAction":[{"@type":"SearchAction","target":{"@type":"EntryPoint","urlTemplate":"https:\/\/fabricadearvores.com.br\/loja\/?s={search_term_string}"},"query-input":{"@type":"PropertyValueSpecification","valueRequired":true,"valueName":"search_term_string"}}],"inLanguage":"pt-BR"},{"@type":"Organization","@id":"https:\/\/fabricadearvores.com.br\/loja\/#organization","name":"F\u00e1brica de \u00c1rvores","alternateName":"F\u00e1brica de \u00c1rvores","url":"https:\/\/fabricadearvores.com.br\/loja\/","logo":{"@type":"ImageObject","inLanguage":"pt-BR","@id":"https:\/\/fabricadearvores.com.br\/loja\/#\/schema\/logo\/image\/","url":"https:\/\/fabricadearvores.com.br\/loja\/wp-content\/uploads\/2021\/04\/logo-fabrica-de-arvores-1.png","contentUrl":"https:\/\/fabricadearvores.com.br\/loja\/wp-content\/uploads\/2021\/04\/logo-fabrica-de-arvores-1.png","width":270,"height":270,"caption":"F\u00e1brica de \u00c1rvores"},"image":{"@id":"https:\/\/fabricadearvores.com.br\/loja\/#\/schema\/logo\/image\/"},"sameAs":["https:\/\/www.facebook.com\/fabricadearvores\/","https:\/\/www.instagram.com\/fabricadearvores\/","https:\/\/www.youtube.com\/channel\/UCewQu5ZrmyCB22UMviyFCFg"]}]}},"_links":{"self":[{"href":"https:\/\/fabricadearvores.com.br\/loja\/wp-json\/wp\/v2\/product\/1596","targetHints":{"allow":["GET"]}}],"collection":[{"href":"https:\/\/fabricadearvores.com.br\/loja\/wp-json\/wp\/v2\/product"}],"about":[{"href":"https:\/\/fabricadearvores.com.br\/loja\/wp-json\/wp\/v2\/types\/product"}],"wp:attachment":[{"href":"https:\/\/fabricadearvores.com.br\/loja\/wp-json\/wp\/v2\/media?parent=1596"}],"wp:term":[{"taxonomy":"product_brand","embeddable":true,"href":"https:\/\/fabricadearvores.com.br\/loja\/wp-json\/wp\/v2\/product_brand?post=1596"},{"taxonomy":"product_cat","embeddable":true,"href":"https:\/\/fabricadearvores.com.br\/loja\/wp-json\/wp\/v2\/product_cat?post=1596"},{"taxonomy":"product_tag","embeddable":true,"href":"https:\/\/fabricadearvores.com.br\/loja\/wp-json\/wp\/v2\/product_tag?post=1596"}],"curies":[{"name":"wp","href":"https:\/\/api.w.org\/{rel}","templated":true}]}}