{"id":159,"date":"2021-04-28T19:15:55","date_gmt":"2021-04-28T19:15:55","guid":{"rendered":"https:\/\/fabricadearvores.com.br\/loja\/?page_id=159"},"modified":"2021-10-03T15:01:29","modified_gmt":"2021-10-03T18:01:29","slug":"contato","status":"publish","type":"page","link":"https:\/\/fabricadearvores.com.br\/loja\/contato\/","title":{"rendered":"Contato"},"content":{"rendered":"\n<div class=\"wp-block-columns is-layout-flex wp-container-core-columns-is-layout-9d6595d7 wp-block-columns-is-layout-flex\">\n<div class=\"wp-block-column pr-lg-5 is-layout-flow wp-block-column-is-layout-flow\" style=\"flex-basis:40%\">\n<h2 class=\"mt-0 m-b-20 wp-block-heading\"><strong>Entre em contato conosco e solucione suas d\u00favidas<\/strong><\/h2>\n\n\n\n<p>A F\u00e1brica de \u00c1rvores \u00e9 o viveiro de plantas mais moderno do Brasil e nossa equipe est\u00e1 pronta para atender voc\u00ea!<\/p>\n\n\n \n<ul class=\"block-contact list-unstyled p-0 alignwide\">\n    \n            <li>\n            <i class=\"fa fa-whatsapp\"><\/i>\n            <a href=\"https:\/\/wa.me\/551145341692\" target=\"_blank\" class=\"phone\" rel=\"noopener\">11 4534-1692<\/a>\n        <\/li>\n    \n            <li>\n            <i class=\"fa fa-map-marker\"><\/i> S\u00edtio Anjo Gabriel, 2900 &#8211; Bragan\u00e7a Paulista\/SP &#8211; CEP: 12.900-000        <\/li>\n    <\/ul><\/div>\n\n\n\n<div class=\"wp-block-column is-layout-flow wp-block-column-is-layout-flow\">\n<div class=\"wp-block-contact-form-7-contact-form-selector\">\n<div class=\"wpcf7 no-js\" id=\"wpcf7-f7-o1\" lang=\"pt-BR\" dir=\"ltr\" data-wpcf7-id=\"7\">\n<div class=\"screen-reader-response\"><p role=\"status\" aria-live=\"polite\" aria-atomic=\"true\"><\/p> <ul><\/ul><\/div>\n<form action=\"\/loja\/wp-json\/wp\/v2\/pages\/159#wpcf7-f7-o1\" method=\"post\" class=\"wpcf7-form init\" aria-label=\"Formul\u00e1rios de contato\" novalidate=\"novalidate\" data-status=\"init\">\n<fieldset class=\"hidden-fields-container\"><input type=\"hidden\" name=\"_wpcf7\" value=\"7\" \/><input type=\"hidden\" name=\"_wpcf7_version\" value=\"6.1.5\" \/><input type=\"hidden\" name=\"_wpcf7_locale\" value=\"pt_BR\" \/><input type=\"hidden\" name=\"_wpcf7_unit_tag\" value=\"wpcf7-f7-o1\" \/><input type=\"hidden\" name=\"_wpcf7_container_post\" value=\"0\" \/><input type=\"hidden\" name=\"_wpcf7_posted_data_hash\" value=\"\" \/>\n<\/fieldset>\n<div class=\"row\">\n\t<div class=\"col-12\">\n\t\t<p><label class=\"d-none\">Seu nome*<\/label><span class=\"wpcf7-form-control-wrap\" data-name=\"nome\"><input size=\"40\" maxlength=\"400\" class=\"wpcf7-form-control wpcf7-text wpcf7-validates-as-required\" aria-required=\"true\" aria-invalid=\"false\" placeholder=\"Nome\" value=\"\" type=\"text\" name=\"nome\" \/><\/span>\n\t\t<\/p>\n\t<\/div>\n\t<div class=\"col-12 col-md-6\">\n\t\t<p><label class=\"d-none\">Seu e-mail*<\/label><span class=\"wpcf7-form-control-wrap\" data-name=\"seu-email\"><input size=\"40\" maxlength=\"400\" class=\"wpcf7-form-control wpcf7-email wpcf7-validates-as-required wpcf7-text wpcf7-validates-as-email\" aria-required=\"true\" aria-invalid=\"false\" placeholder=\"E-mail\" value=\"\" type=\"email\" name=\"seu-email\" \/><\/span>\n\t\t<\/p>\n\t<\/div>\n\t<div class=\"col-12 col-md-6\">\n\t\t<p><label class=\"d-none\">Telefone<\/label><span class=\"wpcf7-form-control-wrap\" data-name=\"telefone\"><input size=\"40\" maxlength=\"400\" class=\"wpcf7-form-control wpcf7-tel wpcf7-text wpcf7-validates-as-tel\" aria-invalid=\"false\" placeholder=\"Telefone\" value=\"\" type=\"tel\" name=\"telefone\" \/><\/span>\n\t\t<\/p>\n\t<\/div>\n\t<div class=\"col-12\">\n\t\t<p><label class=\"d-none\">Sua mensagem<\/label><span class=\"wpcf7-form-control-wrap\" data-name=\"mensagem\"><textarea cols=\"40\" rows=\"10\" maxlength=\"2000\" class=\"wpcf7-form-control wpcf7-textarea wpcf7-validates-as-required\" aria-required=\"true\" aria-invalid=\"false\" placeholder=\"Sua mensagem\" name=\"mensagem\"><\/textarea><\/span>\n\t\t<\/p>\n\t<\/div>\n\t<div class=\"col-12\">\n\t\t<p><span class=\"wpcf7-form-control-wrap\" data-name=\"lgpd\"><span class=\"wpcf7-form-control wpcf7-acceptance\"><span class=\"wpcf7-list-item\"><label><input type=\"checkbox\" name=\"lgpd\" value=\"1\" aria-invalid=\"false\" \/><span class=\"wpcf7-list-item-label\">Concordo com a <a href=\"https:\/\/fabricadearvores.com.br\/loja\/politica-de-privacidade\/\"><strong>pol\u00edtica de privacidade<\/strong><\/a> deste site.<\/span><\/label><\/span><\/span><\/span>\n\t\t<\/p>\n\t<\/div>\n\t<div class=\"col-12\">\n\t\t<div class=\"cf-turnstile-wrap\" style=\"padding:10px 0 10px 0\">\n\t\t\t<div  class=\"cf-turnstile\" data-sitekey=\"0x4AAAAAAAOb5GnXL3-SAR5B\" data-theme=\"auto\">\n\t\t\t<\/div>\n\t\t<\/div>\n\t\t<p><span class='wpcf7-form-control-wrap' data-name='aiowps-captcha'><\/span><input class=\"wpcf7-form-control wpcf7-submit has-spinner\" type=\"submit\" value=\"Enviar\" \/>\n\t\t<\/p>\n\t<\/div>\n<\/div><p style=\"display: none !important;\" class=\"akismet-fields-container\" data-prefix=\"_wpcf7_ak_\"><label>&#916;<textarea name=\"_wpcf7_ak_hp_textarea\" cols=\"45\" rows=\"8\" maxlength=\"100\"><\/textarea><\/label><input type=\"hidden\" id=\"ak_js_1\" name=\"_wpcf7_ak_js\" value=\"239\"\/><script>document.getElementById( \"ak_js_1\" ).setAttribute( \"value\", ( new Date() ).getTime() );<\/script><\/p><div class=\"wpcf7-response-output\" aria-hidden=\"true\"><\/div>\n<\/form>\n<\/div>\n<\/div>\n<\/div>\n<\/div>\n","protected":false},"excerpt":{"rendered":"<p>Entre em contato conosco e solucione suas d\u00favidas A F\u00e1brica de \u00c1rvores \u00e9 o viveiro de plantas mais moderno do Brasil e nossa equipe est\u00e1 pronta para atender voc\u00ea!<\/p>\n","protected":false},"author":1,"featured_media":133,"parent":0,"menu_order":0,"comment_status":"closed","ping_status":"closed","template":"","meta":{"_acf_changed":false,"footnotes":""},"class_list":["post-159","page","type-page","status-publish","has-post-thumbnail","hentry"],"acf":[],"yoast_head":"<!-- This site is optimized with the Yoast SEO plugin v27.4 - https:\/\/yoast.com\/product\/yoast-seo-wordpress\/ -->\n<title>Contato - F\u00e1brica de \u00c1rvores - O viveiro mais moderno do Brasil<\/title>\n<meta name=\"description\" content=\"Entre em contato com a F\u00e1brica de \u00c1rvores atrav\u00e9s do telefone ou do formul\u00e1rio. Nossa equipe est\u00e1 pronta para atender voc\u00ea!\" \/>\n<meta name=\"robots\" content=\"index, follow, max-snippet:-1, max-image-preview:large, max-video-preview:-1\" \/>\n<link rel=\"canonical\" href=\"https:\/\/fabricadearvores.com.br\/loja\/contato\/\" \/>\n<meta property=\"og:locale\" content=\"pt_BR\" \/>\n<meta property=\"og:type\" content=\"article\" \/>\n<meta property=\"og:title\" content=\"Contato - F\u00e1brica de \u00c1rvores - O viveiro mais moderno do Brasil\" \/>\n<meta property=\"og:description\" content=\"Entre em contato com a F\u00e1brica de \u00c1rvores atrav\u00e9s do telefone ou do formul\u00e1rio. Nossa equipe est\u00e1 pronta para atender voc\u00ea!\" \/>\n<meta property=\"og:url\" content=\"https:\/\/fabricadearvores.com.br\/loja\/contato\/\" \/>\n<meta property=\"og:site_name\" content=\"F\u00e1brica de \u00c1rvores\" \/>\n<meta property=\"article:publisher\" content=\"https:\/\/www.facebook.com\/fabricadearvores\/\" \/>\n<meta property=\"article:modified_time\" content=\"2021-10-03T18:01:29+00:00\" \/>\n<meta property=\"og:image\" content=\"https:\/\/fabricadearvores.com.br\/loja\/wp-content\/uploads\/2021\/04\/logo-fabrica-de-arvores-1.png\" \/>\n\t<meta property=\"og:image:width\" content=\"270\" \/>\n\t<meta property=\"og:image:height\" content=\"270\" \/>\n\t<meta property=\"og:image:type\" content=\"image\/png\" \/>\n<meta name=\"twitter:card\" content=\"summary_large_image\" \/>\n<script type=\"application\/ld+json\" class=\"yoast-schema-graph\">{\"@context\":\"https:\\\/\\\/schema.org\",\"@graph\":[{\"@type\":\"WebPage\",\"@id\":\"https:\\\/\\\/fabricadearvores.com.br\\\/loja\\\/contato\\\/\",\"url\":\"https:\\\/\\\/fabricadearvores.com.br\\\/loja\\\/contato\\\/\",\"name\":\"Contato - F\u00e1brica de \u00c1rvores - O viveiro mais moderno do Brasil\",\"isPartOf\":{\"@id\":\"https:\\\/\\\/fabricadearvores.com.br\\\/loja\\\/#website\"},\"primaryImageOfPage\":{\"@id\":\"https:\\\/\\\/fabricadearvores.com.br\\\/loja\\\/contato\\\/#primaryimage\"},\"image\":{\"@id\":\"https:\\\/\\\/fabricadearvores.com.br\\\/loja\\\/contato\\\/#primaryimage\"},\"thumbnailUrl\":\"https:\\\/\\\/fabricadearvores.com.br\\\/loja\\\/wp-content\\\/uploads\\\/2021\\\/04\\\/logo-fabrica-de-arvores-1.png\",\"datePublished\":\"2021-04-28T19:15:55+00:00\",\"dateModified\":\"2021-10-03T18:01:29+00:00\",\"description\":\"Entre em contato com a F\u00e1brica de \u00c1rvores atrav\u00e9s do telefone ou do formul\u00e1rio. Nossa equipe est\u00e1 pronta para atender voc\u00ea!\",\"breadcrumb\":{\"@id\":\"https:\\\/\\\/fabricadearvores.com.br\\\/loja\\\/contato\\\/#breadcrumb\"},\"inLanguage\":\"pt-BR\",\"potentialAction\":[{\"@type\":\"ReadAction\",\"target\":[\"https:\\\/\\\/fabricadearvores.com.br\\\/loja\\\/contato\\\/\"]}]},{\"@type\":\"ImageObject\",\"inLanguage\":\"pt-BR\",\"@id\":\"https:\\\/\\\/fabricadearvores.com.br\\\/loja\\\/contato\\\/#primaryimage\",\"url\":\"https:\\\/\\\/fabricadearvores.com.br\\\/loja\\\/wp-content\\\/uploads\\\/2021\\\/04\\\/logo-fabrica-de-arvores-1.png\",\"contentUrl\":\"https:\\\/\\\/fabricadearvores.com.br\\\/loja\\\/wp-content\\\/uploads\\\/2021\\\/04\\\/logo-fabrica-de-arvores-1.png\",\"width\":270,\"height\":270,\"caption\":\"Logo F\u00e1brica de \u00c1rvores\"},{\"@type\":\"BreadcrumbList\",\"@id\":\"https:\\\/\\\/fabricadearvores.com.br\\\/loja\\\/contato\\\/#breadcrumb\",\"itemListElement\":[{\"@type\":\"ListItem\",\"position\":1,\"name\":\"In\u00edcio\",\"item\":\"https:\\\/\\\/fabricadearvores.com.br\\\/loja\\\/\"},{\"@type\":\"ListItem\",\"position\":2,\"name\":\"Contato\"}]},{\"@type\":\"WebSite\",\"@id\":\"https:\\\/\\\/fabricadearvores.com.br\\\/loja\\\/#website\",\"url\":\"https:\\\/\\\/fabricadearvores.com.br\\\/loja\\\/\",\"name\":\"F\u00e1brica de \u00c1rvores\",\"description\":\"O viveiro mais moderno do Brasil\",\"publisher\":{\"@id\":\"https:\\\/\\\/fabricadearvores.com.br\\\/loja\\\/#organization\"},\"alternateName\":\"F\u00e1brica de \u00c1rvores\",\"potentialAction\":[{\"@type\":\"SearchAction\",\"target\":{\"@type\":\"EntryPoint\",\"urlTemplate\":\"https:\\\/\\\/fabricadearvores.com.br\\\/loja\\\/?s={search_term_string}\"},\"query-input\":{\"@type\":\"PropertyValueSpecification\",\"valueRequired\":true,\"valueName\":\"search_term_string\"}}],\"inLanguage\":\"pt-BR\"},{\"@type\":\"Organization\",\"@id\":\"https:\\\/\\\/fabricadearvores.com.br\\\/loja\\\/#organization\",\"name\":\"F\u00e1brica de \u00c1rvores\",\"alternateName\":\"F\u00e1brica de \u00c1rvores\",\"url\":\"https:\\\/\\\/fabricadearvores.com.br\\\/loja\\\/\",\"logo\":{\"@type\":\"ImageObject\",\"inLanguage\":\"pt-BR\",\"@id\":\"https:\\\/\\\/fabricadearvores.com.br\\\/loja\\\/#\\\/schema\\\/logo\\\/image\\\/\",\"url\":\"https:\\\/\\\/fabricadearvores.com.br\\\/loja\\\/wp-content\\\/uploads\\\/2021\\\/04\\\/logo-fabrica-de-arvores-1.png\",\"contentUrl\":\"https:\\\/\\\/fabricadearvores.com.br\\\/loja\\\/wp-content\\\/uploads\\\/2021\\\/04\\\/logo-fabrica-de-arvores-1.png\",\"width\":270,\"height\":270,\"caption\":\"F\u00e1brica de \u00c1rvores\"},\"image\":{\"@id\":\"https:\\\/\\\/fabricadearvores.com.br\\\/loja\\\/#\\\/schema\\\/logo\\\/image\\\/\"},\"sameAs\":[\"https:\\\/\\\/www.facebook.com\\\/fabricadearvores\\\/\",\"https:\\\/\\\/www.instagram.com\\\/fabricadearvores\\\/\",\"https:\\\/\\\/www.youtube.com\\\/channel\\\/UCewQu5ZrmyCB22UMviyFCFg\"]}]}<\/script>\n<!-- \/ Yoast SEO plugin. -->","yoast_head_json":{"title":"Contato - F\u00e1brica de \u00c1rvores - O viveiro mais moderno do Brasil","description":"Entre em contato com a F\u00e1brica de \u00c1rvores atrav\u00e9s do telefone ou do formul\u00e1rio. Nossa equipe est\u00e1 pronta para atender voc\u00ea!","robots":{"index":"index","follow":"follow","max-snippet":"max-snippet:-1","max-image-preview":"max-image-preview:large","max-video-preview":"max-video-preview:-1"},"canonical":"https:\/\/fabricadearvores.com.br\/loja\/contato\/","og_locale":"pt_BR","og_type":"article","og_title":"Contato - F\u00e1brica de \u00c1rvores - O viveiro mais moderno do Brasil","og_description":"Entre em contato com a F\u00e1brica de \u00c1rvores atrav\u00e9s do telefone ou do formul\u00e1rio. Nossa equipe est\u00e1 pronta para atender voc\u00ea!","og_url":"https:\/\/fabricadearvores.com.br\/loja\/contato\/","og_site_name":"F\u00e1brica de \u00c1rvores","article_publisher":"https:\/\/www.facebook.com\/fabricadearvores\/","article_modified_time":"2021-10-03T18:01:29+00:00","og_image":[{"width":270,"height":270,"url":"https:\/\/fabricadearvores.com.br\/loja\/wp-content\/uploads\/2021\/04\/logo-fabrica-de-arvores-1.png","type":"image\/png"}],"twitter_card":"summary_large_image","schema":{"@context":"https:\/\/schema.org","@graph":[{"@type":"WebPage","@id":"https:\/\/fabricadearvores.com.br\/loja\/contato\/","url":"https:\/\/fabricadearvores.com.br\/loja\/contato\/","name":"Contato - F\u00e1brica de \u00c1rvores - O viveiro mais moderno do Brasil","isPartOf":{"@id":"https:\/\/fabricadearvores.com.br\/loja\/#website"},"primaryImageOfPage":{"@id":"https:\/\/fabricadearvores.com.br\/loja\/contato\/#primaryimage"},"image":{"@id":"https:\/\/fabricadearvores.com.br\/loja\/contato\/#primaryimage"},"thumbnailUrl":"https:\/\/fabricadearvores.com.br\/loja\/wp-content\/uploads\/2021\/04\/logo-fabrica-de-arvores-1.png","datePublished":"2021-04-28T19:15:55+00:00","dateModified":"2021-10-03T18:01:29+00:00","description":"Entre em contato com a F\u00e1brica de \u00c1rvores atrav\u00e9s do telefone ou do formul\u00e1rio. Nossa equipe est\u00e1 pronta para atender voc\u00ea!","breadcrumb":{"@id":"https:\/\/fabricadearvores.com.br\/loja\/contato\/#breadcrumb"},"inLanguage":"pt-BR","potentialAction":[{"@type":"ReadAction","target":["https:\/\/fabricadearvores.com.br\/loja\/contato\/"]}]},{"@type":"ImageObject","inLanguage":"pt-BR","@id":"https:\/\/fabricadearvores.com.br\/loja\/contato\/#primaryimage","url":"https:\/\/fabricadearvores.com.br\/loja\/wp-content\/uploads\/2021\/04\/logo-fabrica-de-arvores-1.png","contentUrl":"https:\/\/fabricadearvores.com.br\/loja\/wp-content\/uploads\/2021\/04\/logo-fabrica-de-arvores-1.png","width":270,"height":270,"caption":"Logo F\u00e1brica de \u00c1rvores"},{"@type":"BreadcrumbList","@id":"https:\/\/fabricadearvores.com.br\/loja\/contato\/#breadcrumb","itemListElement":[{"@type":"ListItem","position":1,"name":"In\u00edcio","item":"https:\/\/fabricadearvores.com.br\/loja\/"},{"@type":"ListItem","position":2,"name":"Contato"}]},{"@type":"WebSite","@id":"https:\/\/fabricadearvores.com.br\/loja\/#website","url":"https:\/\/fabricadearvores.com.br\/loja\/","name":"F\u00e1brica de \u00c1rvores","description":"O viveiro mais moderno do Brasil","publisher":{"@id":"https:\/\/fabricadearvores.com.br\/loja\/#organization"},"alternateName":"F\u00e1brica de \u00c1rvores","potentialAction":[{"@type":"SearchAction","target":{"@type":"EntryPoint","urlTemplate":"https:\/\/fabricadearvores.com.br\/loja\/?s={search_term_string}"},"query-input":{"@type":"PropertyValueSpecification","valueRequired":true,"valueName":"search_term_string"}}],"inLanguage":"pt-BR"},{"@type":"Organization","@id":"https:\/\/fabricadearvores.com.br\/loja\/#organization","name":"F\u00e1brica de \u00c1rvores","alternateName":"F\u00e1brica de \u00c1rvores","url":"https:\/\/fabricadearvores.com.br\/loja\/","logo":{"@type":"ImageObject","inLanguage":"pt-BR","@id":"https:\/\/fabricadearvores.com.br\/loja\/#\/schema\/logo\/image\/","url":"https:\/\/fabricadearvores.com.br\/loja\/wp-content\/uploads\/2021\/04\/logo-fabrica-de-arvores-1.png","contentUrl":"https:\/\/fabricadearvores.com.br\/loja\/wp-content\/uploads\/2021\/04\/logo-fabrica-de-arvores-1.png","width":270,"height":270,"caption":"F\u00e1brica de \u00c1rvores"},"image":{"@id":"https:\/\/fabricadearvores.com.br\/loja\/#\/schema\/logo\/image\/"},"sameAs":["https:\/\/www.facebook.com\/fabricadearvores\/","https:\/\/www.instagram.com\/fabricadearvores\/","https:\/\/www.youtube.com\/channel\/UCewQu5ZrmyCB22UMviyFCFg"]}]}},"_links":{"self":[{"href":"https:\/\/fabricadearvores.com.br\/loja\/wp-json\/wp\/v2\/pages\/159","targetHints":{"allow":["GET"]}}],"collection":[{"href":"https:\/\/fabricadearvores.com.br\/loja\/wp-json\/wp\/v2\/pages"}],"about":[{"href":"https:\/\/fabricadearvores.com.br\/loja\/wp-json\/wp\/v2\/types\/page"}],"author":[{"embeddable":true,"href":"https:\/\/fabricadearvores.com.br\/loja\/wp-json\/wp\/v2\/users\/1"}],"replies":[{"embeddable":true,"href":"https:\/\/fabricadearvores.com.br\/loja\/wp-json\/wp\/v2\/comments?post=159"}],"version-history":[{"count":0,"href":"https:\/\/fabricadearvores.com.br\/loja\/wp-json\/wp\/v2\/pages\/159\/revisions"}],"wp:featuredmedia":[{"embeddable":true,"href":"https:\/\/fabricadearvores.com.br\/loja\/wp-json\/wp\/v2\/media\/133"}],"wp:attachment":[{"href":"https:\/\/fabricadearvores.com.br\/loja\/wp-json\/wp\/v2\/media?parent=159"}],"curies":[{"name":"wp","href":"https:\/\/api.w.org\/{rel}","templated":true}]}}